{"id":987957,"date":"2024-03-04T12:42:01","date_gmt":"2024-03-04T11:42:01","guid":{"rendered":"https:\/\/fundacjastan.pl\/?page_id=987957"},"modified":"2025-05-19T11:22:44","modified_gmt":"2025-05-19T09:22:44","slug":"badania-naukowe","status":"publish","type":"page","link":"https:\/\/fundacjastan.pl\/en\/badania-naukowe\/","title":{"rendered":"Scientific research"},"content":{"rendered":"<div data-elementor-type=\"wp-page\" data-elementor-id=\"987957\" class=\"elementor elementor-987957\">\n\t\t\t\t\t\t\t\t\t<section class=\"elementor-section elementor-top-section elementor-element elementor-element-36b8f19 elementor-section-boxed elementor-section-height-default elementor-section-height-default\" data-id=\"36b8f19\" data-element_type=\"section\" data-settings=\"{&quot;background_background&quot;:&quot;classic&quot;}\">\n\t\t\t\t\t\t<div class=\"elementor-container elementor-column-gap-default\">\n\t\t\t\t\t<div class=\"elementor-column elementor-col-100 elementor-top-column elementor-element elementor-element-01f04bf\" data-id=\"01f04bf\" data-element_type=\"column\">\n\t\t\t<div class=\"elementor-widget-wrap elementor-element-populated\">\n\t\t\t\t\t\t\t\t<div class=\"elementor-element elementor-element-1c7de46 elementor-invisible elementor-widget elementor-widget-heading\" data-id=\"1c7de46\" data-element_type=\"widget\" data-settings=\"{&quot;_animation&quot;:&quot;fadeInDown&quot;,&quot;_animation_tablet&quot;:&quot;none&quot;,&quot;_animation_mobile&quot;:&quot;none&quot;,&quot;_animation_delay&quot;:100}\" data-widget_type=\"heading.default\">\n\t\t\t\t<div class=\"elementor-widget-container\">\n\t\t\t<style>\/*! elementor - v3.13.3 - 28-05-2023 *\/\n.elementor-heading-title{padding:0;margin:0;line-height:1}.elementor-widget-heading .elementor-heading-title[class*=elementor-size-]>a{color:inherit;font-size:inherit;line-height:inherit}.elementor-widget-heading .elementor-heading-title.elementor-size-small{font-size:15px}.elementor-widget-heading .elementor-heading-title.elementor-size-medium{font-size:19px}.elementor-widget-heading .elementor-heading-title.elementor-size-large{font-size:29px}.elementor-widget-heading .elementor-heading-title.elementor-size-xl{font-size:39px}.elementor-widget-heading .elementor-heading-title.elementor-size-xxl{font-size:59px}<\/style><h4 class=\"elementor-heading-title elementor-size-default\">SCIENTIFIC RESEARCH<\/h4>\t\t<\/div>\n\t\t\t\t<\/div>\n\t\t\t\t<div class=\"elementor-element elementor-element-64bfe4a elementor-headline--style-highlight elementor-invisible elementor-widget elementor-widget-vamtam-animated-headline\" data-id=\"64bfe4a\" data-element_type=\"widget\" data-settings=\"{&quot;marker&quot;:&quot;underline&quot;,&quot;highlighted_text&quot;:&quot;innowacje&quot;,&quot;_animation&quot;:&quot;pulse&quot;,&quot;_animation_tablet&quot;:&quot;none&quot;,&quot;_animation_mobile&quot;:&quot;none&quot;,&quot;headline_style&quot;:&quot;highlight&quot;,&quot;loop&quot;:&quot;yes&quot;,&quot;highlight_animation_duration&quot;:1200,&quot;highlight_iteration_delay&quot;:8000}\" data-widget_type=\"vamtam-animated-headline.default\">\n\t\t\t\t<div class=\"elementor-widget-container\">\n\t\t\t<link rel=\"stylesheet\" href=\"https:\/\/fundacjastan.pl\/wp-content\/plugins\/elementor-pro\/assets\/css\/widget-animated-headline.min.css\">\t\t\t\t<h2 class=\"elementor-headline\">\n\t\t\t\t\t\t\t\t\t\t\t\t\t\t\t\t\t\t<span class=\"elementor-headline-plain-text elementor-headline-text-wrapper\">Scientific research, experiments,<\/span>\n\t\t\t\t\t\t\t\t\t\t\t\t<span class=\"elementor-headline-dynamic-wrapper elementor-headline-text-wrapper\">\n\t\t\t\t\t\t\t\t\t\t\t\t\t<span class=\"elementor-headline-dynamic-text elementor-headline-text-active\">innovation<\/span>\n\t\t\t\t\t\t\t\t\t\t\t\t<\/span>\n\t\t\t\t\t\t\t\t\t\t\t\t\t\t\t<\/h2>\n\t\t\t\t\t\t<\/div>\n\t\t\t\t<\/div>\n\t\t\t\t<div class=\"elementor-element elementor-element-f6f34d1 elementor-widget elementor-widget-text-editor\" data-id=\"f6f34d1\" data-element_type=\"widget\" data-widget_type=\"text-editor.default\">\n\t\t\t\t<div class=\"elementor-widget-container\">\n\t\t\t<style>\/*! elementor - v3.13.3 - 28-05-2023 *\/\n.elementor-widget-text-editor.elementor-drop-cap-view-stacked .elementor-drop-cap{background-color:#69727d;color:#fff}.elementor-widget-text-editor.elementor-drop-cap-view-framed .elementor-drop-cap{color:#69727d;border:3px solid;background-color:transparent}.elementor-widget-text-editor:not(.elementor-drop-cap-view-default) .elementor-drop-cap{margin-top:8px}.elementor-widget-text-editor:not(.elementor-drop-cap-view-default) .elementor-drop-cap-letter{width:1em;height:1em}.elementor-widget-text-editor .elementor-drop-cap{float:left;text-align:center;line-height:1;font-size:50px}.elementor-widget-text-editor .elementor-drop-cap-letter{display:inline-block}<\/style>\t\t\t\tWe conduct research in the subjects we are most interested in, namely the functioning of the mechanisms of democracy, populism in politics, transformations in Central European countries, civic participation, public policies, voting behavior and the influence of technology on politics. \t\t\t\t\t\t<\/div>\n\t\t\t\t<\/div>\n\t\t\t\t<section class=\"elementor-section elementor-inner-section elementor-element elementor-element-64441fe elementor-section-boxed elementor-section-height-default elementor-section-height-default\" data-id=\"64441fe\" data-element_type=\"section\">\n\t\t\t\t\t\t<div class=\"elementor-container elementor-column-gap-wide\">\n\t\t\t\t\t<div class=\"elementor-column elementor-col-50 elementor-inner-column elementor-element elementor-element-9b1dfa1\" data-id=\"9b1dfa1\" data-element_type=\"column\">\n\t\t\t<div class=\"elementor-widget-wrap elementor-element-populated\">\n\t\t\t\t\t\t\t\t<div class=\"elementor-element elementor-element-b95ba68 elementor-view-default elementor-widget elementor-widget-icon\" data-id=\"b95ba68\" data-element_type=\"widget\" data-widget_type=\"icon.default\">\n\t\t\t\t<div class=\"elementor-widget-container\">\n\t\t\t\t\t<div class=\"elementor-icon-wrapper\">\n\t\t\t<a class=\"elementor-icon\" href=\"https:\/\/www.kas.de\/pl\/web\/polen\/einzeltitel\/-\/content\/lockdown-demokracji-w-czasach-pandemii-covid-19\">\n\t\t\t<svg xmlns=\"http:\/\/www.w3.org\/2000\/svg\" xmlns:xlink=\"http:\/\/www.w3.org\/1999\/xlink\" fill=\"#000000\" height=\"800px\" width=\"800px\" id=\"Layer_1\" viewbox=\"0 0 512 512\" xml:space=\"preserve\"><g>\t<g>\t\t<path d=\"M399.929,357.333c-42.35,0-76.8,34.45-76.8,76.8c0,42.35,34.45,76.8,76.8,76.8c42.35,0,76.8-34.45,76.8-76.8   C476.729,391.783,442.279,357.333,399.929,357.333z M399.929,493.867c-32.933,0-59.733-26.8-59.733-59.733   s26.8-59.733,59.733-59.733c32.933,0,59.733,26.8,59.733,59.733S432.862,493.867,399.929,493.867z\"><\/path>\t<\/g><\/g><g>\t<g>\t\t<path d=\"M439.529,401.975c-3.633-3.008-9-2.525-12.025,1.092l-36.683,44.025L371.829,428.1c-3.333-3.333-8.733-3.333-12.067,0   c-3.333,3.333-3.333,8.733,0,12.067l25.6,25.6c1.6,1.608,3.775,2.5,6.033,2.5c0.125,0,0.258,0,0.383-0.008   c2.4-0.108,4.633-1.217,6.175-3.058l42.667-51.2C443.638,410.375,443.146,404.992,439.529,401.975z\"><\/path>\t<\/g><\/g><g>\t<g>\t\t<path d=\"M403.229,0H61.979C47.837,0,35.271,10.4,35.271,24.5v460.867c0,14.1,12.542,26.633,26.65,26.633h257.158   c4.717,0,8.533-3.817,8.533-8.533s-3.817-8.533-8.533-8.533H61.921c-4.7,0-9.583-4.883-9.583-9.567V24.5   c0-4.683,4.917-7.433,9.642-7.433h341.25c4.65,0,7.508,2.808,7.508,7.4V323.2c0,4.717,3.817,8.533,8.533,8.533   c4.717,0,8.533-3.817,8.533-8.533V24.467C427.804,10.392,417.371,0,403.229,0z\"><\/path>\t<\/g><\/g><g>\t<g>\t\t<path d=\"M275.271,59.733h-85.333c-4.717,0-8.533,3.817-8.533,8.533c0,4.717,3.817,8.533,8.533,8.533h85.333   c4.717,0,8.533-3.817,8.533-8.533C283.804,63.55,279.987,59.733,275.271,59.733z\"><\/path>\t<\/g><\/g><g>\t<g>\t\t<path d=\"M352.071,119.467H113.138c-4.717,0-8.533,3.817-8.533,8.533c0,4.717,3.817,8.533,8.533,8.533h238.933   c4.717,0,8.533-3.817,8.533-8.533C360.604,123.283,356.787,119.467,352.071,119.467z\"><\/path>\t<\/g><\/g><g>\t<g>\t\t<path d=\"M352.071,179.2H113.138c-4.717,0-8.533,3.817-8.533,8.533c0,4.717,3.817,8.533,8.533,8.533h238.933   c4.717,0,8.533-3.817,8.533-8.533C360.604,183.017,356.787,179.2,352.071,179.2z\"><\/path>\t<\/g><\/g><g>\t<g>\t\t<path d=\"M352.071,238.933H113.138c-4.717,0-8.533,3.817-8.533,8.533c0,4.717,3.817,8.533,8.533,8.533h238.933   c4.717,0,8.533-3.817,8.533-8.533C360.604,242.75,356.787,238.933,352.071,238.933z\"><\/path>\t<\/g><\/g><g>\t<g>\t\t<path d=\"M352.071,298.667H113.138c-4.717,0-9.6,2.75-9.6,7.467v128c0,4.717,4.883,9.6,9.6,9.6h187.733   c4.717,0,8.533-3.817,8.533-8.533s-3.817-8.533-8.533-8.533H120.604V315.733h221.867V348.8c0,4.717,3.817,8.533,8.533,8.533   c4.717,0,8.533-3.817,8.533-8.533v-42.667C359.538,301.417,356.787,298.667,352.071,298.667z\"><\/path>\t<\/g><\/g><\/svg>\t\t\t<\/a>\n\t\t<\/div>\n\t\t\t\t<\/div>\n\t\t\t\t<\/div>\n\t\t\t\t<div class=\"elementor-element elementor-element-6bdd809 elementor-widget elementor-widget-heading\" data-id=\"6bdd809\" data-element_type=\"widget\" data-widget_type=\"heading.default\">\n\t\t\t\t<div class=\"elementor-widget-container\">\n\t\t\t<h2 class=\"elementor-heading-title elementor-size-default\"><a href=\"https:\/\/www.kas.de\/pl\/web\/polen\/einzeltitel\/-\/content\/lockdown-demokracji-w-czasach-pandemii-covid-19\">Report: The Lockdown of democracy during the COVID-19 pandemic<\/a><\/h2>\t\t<\/div>\n\t\t\t\t<\/div>\n\t\t\t\t<div class=\"elementor-element elementor-element-588e9f1 elementor-widget elementor-widget-heading\" data-id=\"588e9f1\" data-element_type=\"widget\" data-widget_type=\"heading.default\">\n\t\t\t\t<div class=\"elementor-widget-container\">\n\t\t\t<h2 class=\"elementor-heading-title elementor-size-default\"><a href=\"https:\/\/www.kas.de\/pl\/web\/polen\/einzeltitel\/-\/content\/lockdown-demokracji-w-czasach-pandemii-covid-19\">Stan Foundation researchers studied how the COVID-19 lockdowns affected the functioning of state institutions, democracy and civil society. The report showed how democratic states operating under time pressure balanced maintaining democratic principles with the need to protect citizens\u2019 life and health. <\/a><\/h2>\t\t<\/div>\n\t\t\t\t<\/div>\n\t\t\t\t<div class=\"elementor-element elementor-element-677306a vamtam-has-underline-anim elementor-align-center elementor-invisible elementor-widget elementor-widget-button\" data-id=\"677306a\" data-element_type=\"widget\" data-settings=\"{&quot;_animation&quot;:&quot;fadeIn&quot;,&quot;_animation_tablet&quot;:&quot;none&quot;,&quot;_animation_mobile&quot;:&quot;none&quot;,&quot;_animation_delay&quot;:200}\" data-widget_type=\"button.default\">\n\t\t\t\t<div class=\"elementor-widget-container\">\n\t\t\t\t\t<div class=\"elementor-button-wrapper\">\n\t\t\t<a href=\"https:\/\/www.kas.de\/pl\/web\/polen\/einzeltitel\/-\/content\/lockdown-demokracji-w-czasach-pandemii-covid-19\" class=\"elementor-button-link elementor-button elementor-size-sm\" role=\"button\">\n\t\t\t\t\t\t<span class=\"elementor-button-content-wrapper\">\n\t\t\t\t\t\t<span class=\"elementor-button-text\">Find out more<\/span>\n\t\t<\/span>\n\t\t\t\t\t<\/a>\n\t\t<\/div>\n\t\t\t\t<\/div>\n\t\t\t\t<\/div>\n\t\t\t\t\t<\/div>\n\t\t<\/div>\n\t\t\t\t<div class=\"elementor-column elementor-col-50 elementor-inner-column elementor-element elementor-element-700d209\" data-id=\"700d209\" data-element_type=\"column\">\n\t\t\t<div class=\"elementor-widget-wrap elementor-element-populated\">\n\t\t\t\t\t\t\t\t<div class=\"elementor-element elementor-element-68774af elementor-view-default elementor-widget elementor-widget-icon\" data-id=\"68774af\" data-element_type=\"widget\" data-widget_type=\"icon.default\">\n\t\t\t\t<div class=\"elementor-widget-container\">\n\t\t\t\t\t<div class=\"elementor-icon-wrapper\">\n\t\t\t<a class=\"elementor-icon\" href=\"https:\/\/www.kas.de\/pl\/web\/polen\/einzeltitel\/-\/content\/wybory-prezydenckie-w-polsce-2\">\n\t\t\t<svg xmlns=\"http:\/\/www.w3.org\/2000\/svg\" xmlns:xlink=\"http:\/\/www.w3.org\/1999\/xlink\" fill=\"#000000\" height=\"800px\" width=\"800px\" id=\"Layer_1\" viewbox=\"0 0 512 512\" xml:space=\"preserve\"><g>\t<g>\t\t<path d=\"M399.929,357.333c-42.35,0-76.8,34.45-76.8,76.8c0,42.35,34.45,76.8,76.8,76.8c42.35,0,76.8-34.45,76.8-76.8   C476.729,391.783,442.279,357.333,399.929,357.333z M399.929,493.867c-32.933,0-59.733-26.8-59.733-59.733   s26.8-59.733,59.733-59.733c32.933,0,59.733,26.8,59.733,59.733S432.862,493.867,399.929,493.867z\"><\/path>\t<\/g><\/g><g>\t<g>\t\t<path d=\"M439.529,401.975c-3.633-3.008-9-2.525-12.025,1.092l-36.683,44.025L371.829,428.1c-3.333-3.333-8.733-3.333-12.067,0   c-3.333,3.333-3.333,8.733,0,12.067l25.6,25.6c1.6,1.608,3.775,2.5,6.033,2.5c0.125,0,0.258,0,0.383-0.008   c2.4-0.108,4.633-1.217,6.175-3.058l42.667-51.2C443.638,410.375,443.146,404.992,439.529,401.975z\"><\/path>\t<\/g><\/g><g>\t<g>\t\t<path d=\"M403.229,0H61.979C47.837,0,35.271,10.4,35.271,24.5v460.867c0,14.1,12.542,26.633,26.65,26.633h257.158   c4.717,0,8.533-3.817,8.533-8.533s-3.817-8.533-8.533-8.533H61.921c-4.7,0-9.583-4.883-9.583-9.567V24.5   c0-4.683,4.917-7.433,9.642-7.433h341.25c4.65,0,7.508,2.808,7.508,7.4V323.2c0,4.717,3.817,8.533,8.533,8.533   c4.717,0,8.533-3.817,8.533-8.533V24.467C427.804,10.392,417.371,0,403.229,0z\"><\/path>\t<\/g><\/g><g>\t<g>\t\t<path d=\"M275.271,59.733h-85.333c-4.717,0-8.533,3.817-8.533,8.533c0,4.717,3.817,8.533,8.533,8.533h85.333   c4.717,0,8.533-3.817,8.533-8.533C283.804,63.55,279.987,59.733,275.271,59.733z\"><\/path>\t<\/g><\/g><g>\t<g>\t\t<path d=\"M352.071,119.467H113.138c-4.717,0-8.533,3.817-8.533,8.533c0,4.717,3.817,8.533,8.533,8.533h238.933   c4.717,0,8.533-3.817,8.533-8.533C360.604,123.283,356.787,119.467,352.071,119.467z\"><\/path>\t<\/g><\/g><g>\t<g>\t\t<path d=\"M352.071,179.2H113.138c-4.717,0-8.533,3.817-8.533,8.533c0,4.717,3.817,8.533,8.533,8.533h238.933   c4.717,0,8.533-3.817,8.533-8.533C360.604,183.017,356.787,179.2,352.071,179.2z\"><\/path>\t<\/g><\/g><g>\t<g>\t\t<path d=\"M352.071,238.933H113.138c-4.717,0-8.533,3.817-8.533,8.533c0,4.717,3.817,8.533,8.533,8.533h238.933   c4.717,0,8.533-3.817,8.533-8.533C360.604,242.75,356.787,238.933,352.071,238.933z\"><\/path>\t<\/g><\/g><g>\t<g>\t\t<path d=\"M352.071,298.667H113.138c-4.717,0-9.6,2.75-9.6,7.467v128c0,4.717,4.883,9.6,9.6,9.6h187.733   c4.717,0,8.533-3.817,8.533-8.533s-3.817-8.533-8.533-8.533H120.604V315.733h221.867V348.8c0,4.717,3.817,8.533,8.533,8.533   c4.717,0,8.533-3.817,8.533-8.533v-42.667C359.538,301.417,356.787,298.667,352.071,298.667z\"><\/path>\t<\/g><\/g><\/svg>\t\t\t<\/a>\n\t\t<\/div>\n\t\t\t\t<\/div>\n\t\t\t\t<\/div>\n\t\t\t\t<div class=\"elementor-element elementor-element-985f1f0 elementor-widget elementor-widget-heading\" data-id=\"985f1f0\" data-element_type=\"widget\" data-widget_type=\"heading.default\">\n\t\t\t\t<div class=\"elementor-widget-container\">\n\t\t\t<h2 class=\"elementor-heading-title elementor-size-default\"><a href=\"https:\/\/www.kas.de\/pl\/web\/polen\/einzeltitel\/-\/content\/wybory-prezydenckie-w-polsce-2\">Report: Seven elections, six presidents: 30 years from the first elections of the head of state <\/a><\/h2>\t\t<\/div>\n\t\t\t\t<\/div>\n\t\t\t\t<div class=\"elementor-element elementor-element-7b3b631 elementor-widget elementor-widget-heading\" data-id=\"7b3b631\" data-element_type=\"widget\" data-widget_type=\"heading.default\">\n\t\t\t\t<div class=\"elementor-widget-container\">\n\t\t\t<h2 class=\"elementor-heading-title elementor-size-default\"><a href=\"https:\/\/www.kas.de\/pl\/web\/polen\/einzeltitel\/-\/content\/lockdown-demokracji-w-czasach-pandemii-covid-19\">This analysis, by Professor Antoni Dudek, Dr Katarzyna Grzybowska-Walecka and Dr Kinga Wojtas-\nJarentowska, focused on elections and presidential campaigns in Poland in 1990-2020. The authors researched the evolution of the party system, changes in methods of political competition and campaign techniques. The report attempted to identify the causes of growing social polarisation observed ahead of the 2020 presidential election. <\/a><\/h2>\t\t<\/div>\n\t\t\t\t<\/div>\n\t\t\t\t<div class=\"elementor-element elementor-element-95ad38e vamtam-has-underline-anim elementor-align-center elementor-invisible elementor-widget elementor-widget-button\" data-id=\"95ad38e\" data-element_type=\"widget\" data-settings=\"{&quot;_animation&quot;:&quot;fadeIn&quot;,&quot;_animation_tablet&quot;:&quot;none&quot;,&quot;_animation_mobile&quot;:&quot;none&quot;,&quot;_animation_delay&quot;:200}\" data-widget_type=\"button.default\">\n\t\t\t\t<div class=\"elementor-widget-container\">\n\t\t\t\t\t<div class=\"elementor-button-wrapper\">\n\t\t\t<a href=\"https:\/\/www.kas.de\/pl\/web\/polen\/einzeltitel\/-\/content\/wybory-prezydenckie-w-polsce-2\" class=\"elementor-button-link elementor-button elementor-size-sm\" role=\"button\">\n\t\t\t\t\t\t<span class=\"elementor-button-content-wrapper\">\n\t\t\t\t\t\t<span class=\"elementor-button-text\">Find out more<\/span>\n\t\t<\/span>\n\t\t\t\t\t<\/a>\n\t\t<\/div>\n\t\t\t\t<\/div>\n\t\t\t\t<\/div>\n\t\t\t\t\t<\/div>\n\t\t<\/div>\n\t\t\t\t\t\t\t<\/div>\n\t\t<\/section>\n\t\t\t\t<section class=\"elementor-section elementor-inner-section elementor-element elementor-element-b58a26f elementor-section-boxed elementor-section-height-default elementor-section-height-default\" data-id=\"b58a26f\" data-element_type=\"section\">\n\t\t\t\t\t\t<div class=\"elementor-container elementor-column-gap-wide\">\n\t\t\t\t\t<div class=\"elementor-column elementor-col-50 elementor-inner-column elementor-element elementor-element-1ccfb20\" data-id=\"1ccfb20\" data-element_type=\"column\">\n\t\t\t<div class=\"elementor-widget-wrap elementor-element-populated\">\n\t\t\t\t\t\t\t\t<div class=\"elementor-element elementor-element-7b4bc1a elementor-view-default elementor-widget elementor-widget-icon\" data-id=\"7b4bc1a\" data-element_type=\"widget\" data-widget_type=\"icon.default\">\n\t\t\t\t<div class=\"elementor-widget-container\">\n\t\t\t\t\t<div class=\"elementor-icon-wrapper\">\n\t\t\t<a class=\"elementor-icon\" href=\"https:\/\/www.centrumjp2.pl\/zaangazowanie-spoleczne-w-warszawie\/\">\n\t\t\t<svg xmlns=\"http:\/\/www.w3.org\/2000\/svg\" xmlns:xlink=\"http:\/\/www.w3.org\/1999\/xlink\" fill=\"#000000\" height=\"800px\" width=\"800px\" id=\"Layer_1\" viewbox=\"0 0 512 512\" xml:space=\"preserve\"><g>\t<g>\t\t<path d=\"M399.929,357.333c-42.35,0-76.8,34.45-76.8,76.8c0,42.35,34.45,76.8,76.8,76.8c42.35,0,76.8-34.45,76.8-76.8   C476.729,391.783,442.279,357.333,399.929,357.333z M399.929,493.867c-32.933,0-59.733-26.8-59.733-59.733   s26.8-59.733,59.733-59.733c32.933,0,59.733,26.8,59.733,59.733S432.862,493.867,399.929,493.867z\"><\/path>\t<\/g><\/g><g>\t<g>\t\t<path d=\"M439.529,401.975c-3.633-3.008-9-2.525-12.025,1.092l-36.683,44.025L371.829,428.1c-3.333-3.333-8.733-3.333-12.067,0   c-3.333,3.333-3.333,8.733,0,12.067l25.6,25.6c1.6,1.608,3.775,2.5,6.033,2.5c0.125,0,0.258,0,0.383-0.008   c2.4-0.108,4.633-1.217,6.175-3.058l42.667-51.2C443.638,410.375,443.146,404.992,439.529,401.975z\"><\/path>\t<\/g><\/g><g>\t<g>\t\t<path d=\"M403.229,0H61.979C47.837,0,35.271,10.4,35.271,24.5v460.867c0,14.1,12.542,26.633,26.65,26.633h257.158   c4.717,0,8.533-3.817,8.533-8.533s-3.817-8.533-8.533-8.533H61.921c-4.7,0-9.583-4.883-9.583-9.567V24.5   c0-4.683,4.917-7.433,9.642-7.433h341.25c4.65,0,7.508,2.808,7.508,7.4V323.2c0,4.717,3.817,8.533,8.533,8.533   c4.717,0,8.533-3.817,8.533-8.533V24.467C427.804,10.392,417.371,0,403.229,0z\"><\/path>\t<\/g><\/g><g>\t<g>\t\t<path d=\"M275.271,59.733h-85.333c-4.717,0-8.533,3.817-8.533,8.533c0,4.717,3.817,8.533,8.533,8.533h85.333   c4.717,0,8.533-3.817,8.533-8.533C283.804,63.55,279.987,59.733,275.271,59.733z\"><\/path>\t<\/g><\/g><g>\t<g>\t\t<path d=\"M352.071,119.467H113.138c-4.717,0-8.533,3.817-8.533,8.533c0,4.717,3.817,8.533,8.533,8.533h238.933   c4.717,0,8.533-3.817,8.533-8.533C360.604,123.283,356.787,119.467,352.071,119.467z\"><\/path>\t<\/g><\/g><g>\t<g>\t\t<path d=\"M352.071,179.2H113.138c-4.717,0-8.533,3.817-8.533,8.533c0,4.717,3.817,8.533,8.533,8.533h238.933   c4.717,0,8.533-3.817,8.533-8.533C360.604,183.017,356.787,179.2,352.071,179.2z\"><\/path>\t<\/g><\/g><g>\t<g>\t\t<path d=\"M352.071,238.933H113.138c-4.717,0-8.533,3.817-8.533,8.533c0,4.717,3.817,8.533,8.533,8.533h238.933   c4.717,0,8.533-3.817,8.533-8.533C360.604,242.75,356.787,238.933,352.071,238.933z\"><\/path>\t<\/g><\/g><g>\t<g>\t\t<path d=\"M352.071,298.667H113.138c-4.717,0-9.6,2.75-9.6,7.467v128c0,4.717,4.883,9.6,9.6,9.6h187.733   c4.717,0,8.533-3.817,8.533-8.533s-3.817-8.533-8.533-8.533H120.604V315.733h221.867V348.8c0,4.717,3.817,8.533,8.533,8.533   c4.717,0,8.533-3.817,8.533-8.533v-42.667C359.538,301.417,356.787,298.667,352.071,298.667z\"><\/path>\t<\/g><\/g><\/svg>\t\t\t<\/a>\n\t\t<\/div>\n\t\t\t\t<\/div>\n\t\t\t\t<\/div>\n\t\t\t\t<div class=\"elementor-element elementor-element-3abe227 elementor-widget elementor-widget-heading\" data-id=\"3abe227\" data-element_type=\"widget\" data-widget_type=\"heading.default\">\n\t\t\t\t<div class=\"elementor-widget-container\">\n\t\t\t<h2 class=\"elementor-heading-title elementor-size-default\"><a href=\"https:\/\/www.kas.de\/pl\/web\/polen\/einzeltitel\/-\/content\/lockdown-demokracji-w-czasach-pandemii-covid-19\">Zaanga\u017cowanie spo\u0142eczne w Warszawie. Motywacje, wyzwania i korzy\u015bci<\/a><\/h2>\t\t<\/div>\n\t\t\t\t<\/div>\n\t\t\t\t<div class=\"elementor-element elementor-element-7c07a4b elementor-widget elementor-widget-heading\" data-id=\"7c07a4b\" data-element_type=\"widget\" data-widget_type=\"heading.default\">\n\t\t\t\t<div class=\"elementor-widget-container\">\n\t\t\t<h2 class=\"elementor-heading-title elementor-size-default\"><a href=\"https:\/\/www.kas.de\/pl\/web\/polen\/einzeltitel\/-\/content\/lockdown-demokracji-w-czasach-pandemii-covid-19\">Analiza przygotowana przez zesp\u00f3\u0142 badaczy skupi\u0142a si\u0119 na zagadnieniu zaanga\u017cowania spo\u0142ecznego mieszka\u0144c\u00f3w Warszawy. Autorzy raportu przeanalizowali r\u00f3\u017cne formy aktywno\u015bci obywatelskiej, motywacje do dzia\u0142ania na rzecz wsp\u00f3lnoty oraz bariery utrudniaj\u0105ce wi\u0119ksze zaanga\u017cowanie. Badanie obj\u0119\u0142o zar\u00f3wno inicjatywy oddolne, jak i wsp\u00f3\u0142prac\u0119 organizacji pozarz\u0105dowych z instytucjami publicznymi. Celem raportu by\u0142o wskazanie czynnik\u00f3w sprzyjaj\u0105cych budowie spo\u0142ecze\u0144stwa obywatelskiego oraz wyzwa\u0144, przed kt\u00f3rymi stoj\u0105 warszawskie wsp\u00f3lnoty lokalne.<\/a><\/h2>\t\t<\/div>\n\t\t\t\t<\/div>\n\t\t\t\t<div class=\"elementor-element elementor-element-47b8f40 vamtam-has-underline-anim elementor-align-center elementor-invisible elementor-widget elementor-widget-button\" data-id=\"47b8f40\" data-element_type=\"widget\" data-settings=\"{&quot;_animation&quot;:&quot;fadeIn&quot;,&quot;_animation_tablet&quot;:&quot;none&quot;,&quot;_animation_mobile&quot;:&quot;none&quot;,&quot;_animation_delay&quot;:200}\" data-widget_type=\"button.default\">\n\t\t\t\t<div class=\"elementor-widget-container\">\n\t\t\t\t\t<div class=\"elementor-button-wrapper\">\n\t\t\t<a href=\"https:\/\/www.centrumjp2.pl\/zaangazowanie-spoleczne-w-warszawie\/\" class=\"elementor-button-link elementor-button elementor-size-sm\" role=\"button\">\n\t\t\t\t\t\t<span class=\"elementor-button-content-wrapper\">\n\t\t\t\t\t\t<span class=\"elementor-button-text\">Find out more<\/span>\n\t\t<\/span>\n\t\t\t\t\t<\/a>\n\t\t<\/div>\n\t\t\t\t<\/div>\n\t\t\t\t<\/div>\n\t\t\t\t\t<\/div>\n\t\t<\/div>\n\t\t\t\t<div class=\"elementor-column elementor-col-50 elementor-inner-column elementor-element elementor-element-5d54f2c\" data-id=\"5d54f2c\" data-element_type=\"column\">\n\t\t\t<div class=\"elementor-widget-wrap\">\n\t\t\t\t\t\t\t\t\t<\/div>\n\t\t<\/div>\n\t\t\t\t\t\t\t<\/div>\n\t\t<\/section>\n\t\t\t\t\t<\/div>\n\t\t<\/div>\n\t\t\t\t\t\t\t<\/div>\n\t\t<\/section>\n\t\t\t\t\t\t\t<\/div>","protected":false},"excerpt":{"rendered":"<p>BADANIA NAUKOWE Badania naukowe, eksperymenty, innowacje Badania naukowe prowadzimy w tematach, kt\u00f3re najbardziej nas interesuj\u0105, czyli funkcjonowanie mechanizm\u00f3w demokracji, populizmy w polityce, przemiany w pa\u0144stwach Europy Centralnej, uczestnictwo obywatelskie, polityki publiczne, zachowania wyborcze oraz oddzia\u0142ywania technologie na polityk\u0119. Lockdown demokracji w czasach pandemii COVID-19 Analiza przeprowadzona przez naukowc\u00f3w Fundacji STAN zbada\u0142a wp\u0142yw lockdown\u00f3w podczas pandemii&#8230;<\/p>","protected":false},"author":1,"featured_media":0,"parent":0,"menu_order":0,"comment_status":"closed","ping_status":"closed","template":"","meta":{"footnotes":""},"class_list":["post-987957","page","type-page","status-publish","hentry"],"_links":{"self":[{"href":"https:\/\/fundacjastan.pl\/en\/wp-json\/wp\/v2\/pages\/987957","targetHints":{"allow":["GET"]}}],"collection":[{"href":"https:\/\/fundacjastan.pl\/en\/wp-json\/wp\/v2\/pages"}],"about":[{"href":"https:\/\/fundacjastan.pl\/en\/wp-json\/wp\/v2\/types\/page"}],"author":[{"embeddable":true,"href":"https:\/\/fundacjastan.pl\/en\/wp-json\/wp\/v2\/users\/1"}],"replies":[{"embeddable":true,"href":"https:\/\/fundacjastan.pl\/en\/wp-json\/wp\/v2\/comments?post=987957"}],"version-history":[{"count":19,"href":"https:\/\/fundacjastan.pl\/en\/wp-json\/wp\/v2\/pages\/987957\/revisions"}],"predecessor-version":[{"id":988121,"href":"https:\/\/fundacjastan.pl\/en\/wp-json\/wp\/v2\/pages\/987957\/revisions\/988121"}],"wp:attachment":[{"href":"https:\/\/fundacjastan.pl\/en\/wp-json\/wp\/v2\/media?parent=987957"}],"curies":[{"name":"wp","href":"https:\/\/api.w.org\/{rel}","templated":true}]}}